{"id":12,"date":"2013-08-19T07:02:00","date_gmt":"2013-08-19T07:02:00","guid":{"rendered":"http:\/\/www.inspektorgadjet.com\/?page_id=12"},"modified":"2025-02-19T11:49:03","modified_gmt":"2025-02-19T11:49:03","slug":"gadjet-shop","status":"publish","type":"page","link":"https:\/\/www.inspektorgadjet.com\/es\/tienda\/","title":{"rendered":"Gadjeto Tienda"},"content":{"rendered":"<p>Debido a inconvenientes con las pol\u00edticas de ETSY, he decidido cerrar mi tienda all\u00ed, si est\u00e1s interesado en un producto o necesitas ayuda e informaci\u00f3n sobre algo, por favor <strong><a href=\"https:\/\/www.inspektorgadjet.com\/contact\/\">cont\u00e1ctame<\/a>.<\/strong><\/p>","protected":false},"excerpt":{"rendered":"<p>Debido a inconvenientes con las pol\u00edticas de ETSY, he decidido cerrar mi tienda all\u00ed, si est\u00e1s interesado en un producto [&hellip;]<\/p>\n","protected":false},"author":1,"featured_media":0,"parent":0,"menu_order":2,"comment_status":"closed","ping_status":"closed","template":"","meta":{"pmpro_default_level":"","_monsterinsights_skip_tracking":false,"_monsterinsights_sitenote_active":false,"_monsterinsights_sitenote_note":"","_monsterinsights_sitenote_category":0,"footnotes":""},"class_list":["post-12","page","type-page","status-publish","hentry","pmpro-has-access"],"yoast_head":"<!-- This site is optimized with the Yoast SEO plugin v27.4 - https:\/\/yoast.com\/product\/yoast-seo-wordpress\/ -->\n<title>Gadjet Shop<\/title>\n<meta name=\"robots\" content=\"index, follow, max-snippet:-1, max-image-preview:large, max-video-preview:-1\" \/>\n<link rel=\"canonical\" href=\"https:\/\/www.inspektorgadjet.com\/shop\/\" \/>\n<meta name=\"twitter:label1\" content=\"Tiempo de lectura\" \/>\n\t<meta name=\"twitter:data1\" content=\"1 minuto\" \/>\n<script type=\"application\/ld+json\" class=\"yoast-schema-graph\">{\"@context\":\"https:\\\/\\\/schema.org\",\"@graph\":[{\"@type\":\"WebPage\",\"@id\":\"https:\\\/\\\/www.inspektorgadjet.com\\\/shop\\\/\",\"url\":\"https:\\\/\\\/www.inspektorgadjet.com\\\/shop\\\/\",\"name\":\"Gadjet Shop\",\"isPartOf\":{\"@id\":\"https:\\\/\\\/www.inspektorgadjet.com\\\/#website\"},\"datePublished\":\"2013-08-19T07:02:00+00:00\",\"dateModified\":\"2025-02-19T11:49:03+00:00\",\"breadcrumb\":{\"@id\":\"https:\\\/\\\/www.inspektorgadjet.com\\\/shop\\\/#breadcrumb\"},\"inLanguage\":\"es\",\"potentialAction\":[{\"@type\":\"ReadAction\",\"target\":[\"https:\\\/\\\/www.inspektorgadjet.com\\\/shop\\\/\"]}]},{\"@type\":\"BreadcrumbList\",\"@id\":\"https:\\\/\\\/www.inspektorgadjet.com\\\/shop\\\/#breadcrumb\",\"itemListElement\":[{\"@type\":\"ListItem\",\"position\":1,\"name\":\"Home\",\"item\":\"https:\\\/\\\/www.inspektorgadjet.com\\\/\"},{\"@type\":\"ListItem\",\"position\":2,\"name\":\"Gadjet Shop\"}]},{\"@type\":\"WebSite\",\"@id\":\"https:\\\/\\\/www.inspektorgadjet.com\\\/#website\",\"url\":\"https:\\\/\\\/www.inspektorgadjet.com\\\/\",\"name\":\"Inspektor Gadjet\",\"description\":\"THINK - LEARN - MAKE - SHARE\",\"publisher\":{\"@id\":\"https:\\\/\\\/www.inspektorgadjet.com\\\/#\\\/schema\\\/person\\\/5e7d31057d79278e89b0f34c2a394e8e\"},\"potentialAction\":[{\"@type\":\"SearchAction\",\"target\":{\"@type\":\"EntryPoint\",\"urlTemplate\":\"https:\\\/\\\/www.inspektorgadjet.com\\\/?s={search_term_string}\"},\"query-input\":{\"@type\":\"PropertyValueSpecification\",\"valueRequired\":true,\"valueName\":\"search_term_string\"}}],\"inLanguage\":\"es\"},{\"@type\":[\"Person\",\"Organization\"],\"@id\":\"https:\\\/\\\/www.inspektorgadjet.com\\\/#\\\/schema\\\/person\\\/5e7d31057d79278e89b0f34c2a394e8e\",\"name\":\"inspektorgadjet\",\"image\":{\"@type\":\"ImageObject\",\"inLanguage\":\"es\",\"@id\":\"https:\\\/\\\/www.inspektorgadjet.com\\\/wp-content\\\/uploads\\\/2022\\\/06\\\/INSPEKTOR-GADJET-TORSA-scaled.jpg\",\"url\":\"https:\\\/\\\/www.inspektorgadjet.com\\\/wp-content\\\/uploads\\\/2022\\\/06\\\/INSPEKTOR-GADJET-TORSA-scaled.jpg\",\"contentUrl\":\"https:\\\/\\\/www.inspektorgadjet.com\\\/wp-content\\\/uploads\\\/2022\\\/06\\\/INSPEKTOR-GADJET-TORSA-scaled.jpg\",\"width\":2560,\"height\":1644,\"caption\":\"inspektorgadjet\"},\"logo\":{\"@id\":\"https:\\\/\\\/www.inspektorgadjet.com\\\/wp-content\\\/uploads\\\/2022\\\/06\\\/INSPEKTOR-GADJET-TORSA-scaled.jpg\"},\"description\":\"Born in Spain. Living in planet earth. Making stuff. Learning and sharing. Music spreading.\",\"sameAs\":[\"https:\\\/\\\/www.facebook.com\\\/inspektor.gadjet.multiman\\\/\",\"https:\\\/\\\/www.instagram.com\\\/inspektorgadjet_official\\\/\",\"https:\\\/\\\/www.youtube.com\\\/c\\\/Inspektorgadjet_page\",\"https:\\\/\\\/soundcloud.com\\\/inspektorgadjet\"]}]}<\/script>\n<!-- \/ Yoast SEO plugin. -->","yoast_head_json":{"title":"Gadjet Shop","robots":{"index":"index","follow":"follow","max-snippet":"max-snippet:-1","max-image-preview":"max-image-preview:large","max-video-preview":"max-video-preview:-1"},"canonical":"https:\/\/www.inspektorgadjet.com\/shop\/","twitter_misc":{"Tiempo de lectura":"1 minuto"},"schema":{"@context":"https:\/\/schema.org","@graph":[{"@type":"WebPage","@id":"https:\/\/www.inspektorgadjet.com\/shop\/","url":"https:\/\/www.inspektorgadjet.com\/shop\/","name":"Gadjet Shop","isPartOf":{"@id":"https:\/\/www.inspektorgadjet.com\/#website"},"datePublished":"2013-08-19T07:02:00+00:00","dateModified":"2025-02-19T11:49:03+00:00","breadcrumb":{"@id":"https:\/\/www.inspektorgadjet.com\/shop\/#breadcrumb"},"inLanguage":"es","potentialAction":[{"@type":"ReadAction","target":["https:\/\/www.inspektorgadjet.com\/shop\/"]}]},{"@type":"BreadcrumbList","@id":"https:\/\/www.inspektorgadjet.com\/shop\/#breadcrumb","itemListElement":[{"@type":"ListItem","position":1,"name":"Home","item":"https:\/\/www.inspektorgadjet.com\/"},{"@type":"ListItem","position":2,"name":"Gadjet Shop"}]},{"@type":"WebSite","@id":"https:\/\/www.inspektorgadjet.com\/#website","url":"https:\/\/www.inspektorgadjet.com\/","name":"Inspektor Gadjet","description":"THINK - LEARN - MAKE - SHARE","publisher":{"@id":"https:\/\/www.inspektorgadjet.com\/#\/schema\/person\/5e7d31057d79278e89b0f34c2a394e8e"},"potentialAction":[{"@type":"SearchAction","target":{"@type":"EntryPoint","urlTemplate":"https:\/\/www.inspektorgadjet.com\/?s={search_term_string}"},"query-input":{"@type":"PropertyValueSpecification","valueRequired":true,"valueName":"search_term_string"}}],"inLanguage":"es"},{"@type":["Person","Organization"],"@id":"https:\/\/www.inspektorgadjet.com\/#\/schema\/person\/5e7d31057d79278e89b0f34c2a394e8e","name":"inspektorgadjet","image":{"@type":"ImageObject","inLanguage":"es","@id":"https:\/\/www.inspektorgadjet.com\/wp-content\/uploads\/2022\/06\/INSPEKTOR-GADJET-TORSA-scaled.jpg","url":"https:\/\/www.inspektorgadjet.com\/wp-content\/uploads\/2022\/06\/INSPEKTOR-GADJET-TORSA-scaled.jpg","contentUrl":"https:\/\/www.inspektorgadjet.com\/wp-content\/uploads\/2022\/06\/INSPEKTOR-GADJET-TORSA-scaled.jpg","width":2560,"height":1644,"caption":"inspektorgadjet"},"logo":{"@id":"https:\/\/www.inspektorgadjet.com\/wp-content\/uploads\/2022\/06\/INSPEKTOR-GADJET-TORSA-scaled.jpg"},"description":"Born in Spain. Living in planet earth. Making stuff. Learning and sharing. Music spreading.","sameAs":["https:\/\/www.facebook.com\/inspektor.gadjet.multiman\/","https:\/\/www.instagram.com\/inspektorgadjet_official\/","https:\/\/www.youtube.com\/c\/Inspektorgadjet_page","https:\/\/soundcloud.com\/inspektorgadjet"]}]}},"jetpack_sharing_enabled":true,"_links":{"self":[{"href":"https:\/\/www.inspektorgadjet.com\/es\/wp-json\/wp\/v2\/pages\/12","targetHints":{"allow":["GET"]}}],"collection":[{"href":"https:\/\/www.inspektorgadjet.com\/es\/wp-json\/wp\/v2\/pages"}],"about":[{"href":"https:\/\/www.inspektorgadjet.com\/es\/wp-json\/wp\/v2\/types\/page"}],"author":[{"embeddable":true,"href":"https:\/\/www.inspektorgadjet.com\/es\/wp-json\/wp\/v2\/users\/1"}],"replies":[{"embeddable":true,"href":"https:\/\/www.inspektorgadjet.com\/es\/wp-json\/wp\/v2\/comments?post=12"}],"version-history":[{"count":30,"href":"https:\/\/www.inspektorgadjet.com\/es\/wp-json\/wp\/v2\/pages\/12\/revisions"}],"predecessor-version":[{"id":9668,"href":"https:\/\/www.inspektorgadjet.com\/es\/wp-json\/wp\/v2\/pages\/12\/revisions\/9668"}],"wp:attachment":[{"href":"https:\/\/www.inspektorgadjet.com\/es\/wp-json\/wp\/v2\/media?parent=12"}],"curies":[{"name":"wp","href":"https:\/\/api.w.org\/{rel}","templated":true}]}}