{"id":296,"date":"2013-09-07T09:25:47","date_gmt":"2013-09-07T09:25:47","guid":{"rendered":"http:\/\/www.inspektorgadjet.com\/?page_id=296"},"modified":"2023-02-23T20:05:04","modified_gmt":"2023-02-23T20:05:04","slug":"projects","status":"publish","type":"page","link":"https:\/\/www.inspektorgadjet.com\/es\/proyectos\/","title":{"rendered":"Proyectos"},"content":{"rendered":"<p><\/p>\n<ul class='gdl-accordion'>\r\n<li class='gdl-divider'><h2 class='accordion-head title-color gdl-title'><span class='accordion-head-image'><\/span>Explicacion<\/h2><div class='accordion-content'><p>Esta secci\u00f3n est\u00e1 comprendida de una colecci\u00f3n de mis diferentes proyectos, donde encontrareis mis ideas, pasos y resultados con los que he dado, as\u00ed que espero esta informaci\u00f3n es \u00fatil y os ayuda en vuestro proceso.<\/p>\n<p style=\"text-align: justify;\">En algunos de estos art\u00edculos no solo doy informaci\u00f3n si no tambi\u00e9n links a archivos gratuitos, circuitos, c\u00f3digo e incluso grabaciones en bruto de algunos de mis experimentos en dise\u00f1o sonoro.<\/p>\n<p style=\"text-align: justify;\"><a href=\"http:\/\/www.inspektorgadjet.com\/newsletter\/\" target=\"_blank\" rel=\"noopener\">No olvid\u00e9is suscribiros para actualizaciones futuras, archivos y mucho mas!!<\/a><\/p>\n<p style=\"text-align: justify;\">\n<\/div><\/li>\r\n<li class='gdl-divider'><h2 class='accordion-head title-color gdl-title'><span class='accordion-head-image'><\/span><strong>Gratis - Porque tu lo vales<\/strong><\/h2><div class='accordion-content'><\/p>\n<p style=\"text-align: justify;\">El concepto Frankenstein:<\/p>\n<p style=\"text-align: justify;\">Mi experiencia personal me dice que todos los proyectos son como un \u00abcollage\u00bb. Un puzzle (prefiero llamarlo frankenstein) de partes que t\u00fa creas, o coges de alg\u00fan lugar y las mezclas en algo distinto.<\/p>\n<p style=\"text-align: justify;\">Por supuesto puedes ser responsable del trabajo en el c\u00f3digo, dise\u00f1o del hardware de un proyecto, escribiendo una pieza musical&#8230; Pero si buceas en la mente de alguien, sus b\u00fasquedas, experiencias, educaci\u00f3n, sitio donde vives etc. Uno simplemente repite de una u otra forma cosas que escuchaste, vistes&#8230; a t\u00fa manera y muchas veces sin darte cuenta.<\/p>\n<p style=\"text-align: justify;\">En composici\u00f3n musical esto es muy obvio, es dif\u00edcil inventar algo, o ser 100% original ya que los elementos principales que usas est\u00e1n al alcance de todos&#8230; Te inspiras a trav\u00e9s de artistas, eventos a los que vas, nuevos sonidos de maquinas, programas&#8230;<\/p>\n<p style=\"text-align: justify;\">Cuando se hace un aparato musical o un proyecto con Arduino, esto es tambi\u00e9n bastante obvio. Mucha gente (incluido yo) no somos expertos en cosas como c\u00f3digo, electr\u00f3nica as\u00ed que uno acaba leyendo much\u00edsimo, fallando much\u00edsimo, tomando partes de aqu\u00ed y adapt\u00e1dnolas a tus necesidades, hasta que empiezas a comprender mas que est\u00e1 ocurriendo..<\/p>\n<p style=\"text-align: justify;\">Internet nos permite hacer esto, compartir cosas, conseguir ayuda de expertos, leer que han hecho otros y donde han tenido problemas&#8230; Est\u00e1 en tu mano compartir lo que has aprendido, y de una forma devolver a \u00abla fuente\u00bb este puzzle que has creado usando sus partes.<\/p>\n<p style=\"text-align: justify;\">Hay un proverbio Ancestral muy adecuado (no lo recuerdo exactamente) que dice algo as\u00ed:<strong><br \/>\n<div class=\"shortcode-block-quote-center\" style=\"color:#999999\"><strong>Esconde y perder\u00e1s, comparte y ganar\u00e1s&#8230;<\/strong><\/div><br \/>\n<\/strong><\/p>\n<p style=\"text-align: justify;\">He creado esta secci\u00f3n para ofrecer gratuitamente algunas cosas que pueden ser \u00fatiles para la gente. Hay soluciones a las que he llegado, gu\u00edas que he escrito, circuitos, archivos sonoros, m\u00fasica&#8230;<\/p>\n<p style=\"text-align: justify;\">Espero lo encontr\u00e9is interesante y \u00fatil!<\/p>\n<p style=\"text-align: justify;\">\n<\/div><\/li>\r\n<\/ul>\n<\/p>\n<p><\/p>","protected":false},"excerpt":{"rendered":"","protected":false},"author":1,"featured_media":0,"parent":0,"menu_order":3,"comment_status":"open","ping_status":"open","template":"","meta":{"pmpro_default_level":"","_monsterinsights_skip_tracking":false,"_monsterinsights_sitenote_active":false,"_monsterinsights_sitenote_note":"","_monsterinsights_sitenote_category":0,"footnotes":""},"class_list":["post-296","page","type-page","status-publish","hentry","pmpro-has-access"],"yoast_head":"<!-- This site is optimized with the Yoast SEO plugin v27.4 - https:\/\/yoast.com\/product\/yoast-seo-wordpress\/ -->\n<title>Projects<\/title>\n<meta name=\"description\" content=\"Welsome to the projects page. Here you can read blog articles about many different techniques and other goodies.\" \/>\n<meta name=\"robots\" content=\"index, follow, max-snippet:-1, max-image-preview:large, max-video-preview:-1\" \/>\n<link rel=\"canonical\" href=\"https:\/\/www.inspektorgadjet.com\/projects\/\" \/>\n<script type=\"application\/ld+json\" class=\"yoast-schema-graph\">{\"@context\":\"https:\\\/\\\/schema.org\",\"@graph\":[{\"@type\":\"WebPage\",\"@id\":\"https:\\\/\\\/www.inspektorgadjet.com\\\/projects\\\/\",\"url\":\"https:\\\/\\\/www.inspektorgadjet.com\\\/projects\\\/\",\"name\":\"Projects\",\"isPartOf\":{\"@id\":\"https:\\\/\\\/www.inspektorgadjet.com\\\/#website\"},\"datePublished\":\"2013-09-07T09:25:47+00:00\",\"dateModified\":\"2023-02-23T20:05:04+00:00\",\"description\":\"Welsome to the projects page. Here you can read blog articles about many different techniques and other goodies.\",\"breadcrumb\":{\"@id\":\"https:\\\/\\\/www.inspektorgadjet.com\\\/projects\\\/#breadcrumb\"},\"inLanguage\":\"es\",\"potentialAction\":[{\"@type\":\"ReadAction\",\"target\":[\"https:\\\/\\\/www.inspektorgadjet.com\\\/projects\\\/\"]}]},{\"@type\":\"BreadcrumbList\",\"@id\":\"https:\\\/\\\/www.inspektorgadjet.com\\\/projects\\\/#breadcrumb\",\"itemListElement\":[{\"@type\":\"ListItem\",\"position\":1,\"name\":\"Home\",\"item\":\"https:\\\/\\\/www.inspektorgadjet.com\\\/\"},{\"@type\":\"ListItem\",\"position\":2,\"name\":\"false\"}]},{\"@type\":\"WebSite\",\"@id\":\"https:\\\/\\\/www.inspektorgadjet.com\\\/#website\",\"url\":\"https:\\\/\\\/www.inspektorgadjet.com\\\/\",\"name\":\"Inspektor Gadjet\",\"description\":\"THINK - LEARN - MAKE - SHARE\",\"publisher\":{\"@id\":\"https:\\\/\\\/www.inspektorgadjet.com\\\/#\\\/schema\\\/person\\\/5e7d31057d79278e89b0f34c2a394e8e\"},\"potentialAction\":[{\"@type\":\"SearchAction\",\"target\":{\"@type\":\"EntryPoint\",\"urlTemplate\":\"https:\\\/\\\/www.inspektorgadjet.com\\\/?s={search_term_string}\"},\"query-input\":{\"@type\":\"PropertyValueSpecification\",\"valueRequired\":true,\"valueName\":\"search_term_string\"}}],\"inLanguage\":\"es\"},{\"@type\":[\"Person\",\"Organization\"],\"@id\":\"https:\\\/\\\/www.inspektorgadjet.com\\\/#\\\/schema\\\/person\\\/5e7d31057d79278e89b0f34c2a394e8e\",\"name\":\"inspektorgadjet\",\"image\":{\"@type\":\"ImageObject\",\"inLanguage\":\"es\",\"@id\":\"https:\\\/\\\/www.inspektorgadjet.com\\\/wp-content\\\/uploads\\\/2022\\\/06\\\/INSPEKTOR-GADJET-TORSA-scaled.jpg\",\"url\":\"https:\\\/\\\/www.inspektorgadjet.com\\\/wp-content\\\/uploads\\\/2022\\\/06\\\/INSPEKTOR-GADJET-TORSA-scaled.jpg\",\"contentUrl\":\"https:\\\/\\\/www.inspektorgadjet.com\\\/wp-content\\\/uploads\\\/2022\\\/06\\\/INSPEKTOR-GADJET-TORSA-scaled.jpg\",\"width\":2560,\"height\":1644,\"caption\":\"inspektorgadjet\"},\"logo\":{\"@id\":\"https:\\\/\\\/www.inspektorgadjet.com\\\/wp-content\\\/uploads\\\/2022\\\/06\\\/INSPEKTOR-GADJET-TORSA-scaled.jpg\"},\"description\":\"Born in Spain. Living in planet earth. Making stuff. Learning and sharing. Music spreading.\",\"sameAs\":[\"https:\\\/\\\/www.facebook.com\\\/inspektor.gadjet.multiman\\\/\",\"https:\\\/\\\/www.instagram.com\\\/inspektorgadjet_official\\\/\",\"https:\\\/\\\/www.youtube.com\\\/c\\\/Inspektorgadjet_page\",\"https:\\\/\\\/soundcloud.com\\\/inspektorgadjet\"]}]}<\/script>\n<!-- \/ Yoast SEO plugin. -->","yoast_head_json":{"title":"Projects","description":"Welsome to the projects page. Here you can read blog articles about many different techniques and other goodies.","robots":{"index":"index","follow":"follow","max-snippet":"max-snippet:-1","max-image-preview":"max-image-preview:large","max-video-preview":"max-video-preview:-1"},"canonical":"https:\/\/www.inspektorgadjet.com\/projects\/","schema":{"@context":"https:\/\/schema.org","@graph":[{"@type":"WebPage","@id":"https:\/\/www.inspektorgadjet.com\/projects\/","url":"https:\/\/www.inspektorgadjet.com\/projects\/","name":"Projects","isPartOf":{"@id":"https:\/\/www.inspektorgadjet.com\/#website"},"datePublished":"2013-09-07T09:25:47+00:00","dateModified":"2023-02-23T20:05:04+00:00","description":"Welsome to the projects page. Here you can read blog articles about many different techniques and other goodies.","breadcrumb":{"@id":"https:\/\/www.inspektorgadjet.com\/projects\/#breadcrumb"},"inLanguage":"es","potentialAction":[{"@type":"ReadAction","target":["https:\/\/www.inspektorgadjet.com\/projects\/"]}]},{"@type":"BreadcrumbList","@id":"https:\/\/www.inspektorgadjet.com\/projects\/#breadcrumb","itemListElement":[{"@type":"ListItem","position":1,"name":"Home","item":"https:\/\/www.inspektorgadjet.com\/"},{"@type":"ListItem","position":2,"name":"false"}]},{"@type":"WebSite","@id":"https:\/\/www.inspektorgadjet.com\/#website","url":"https:\/\/www.inspektorgadjet.com\/","name":"Inspektor Gadjet","description":"THINK - LEARN - MAKE - SHARE","publisher":{"@id":"https:\/\/www.inspektorgadjet.com\/#\/schema\/person\/5e7d31057d79278e89b0f34c2a394e8e"},"potentialAction":[{"@type":"SearchAction","target":{"@type":"EntryPoint","urlTemplate":"https:\/\/www.inspektorgadjet.com\/?s={search_term_string}"},"query-input":{"@type":"PropertyValueSpecification","valueRequired":true,"valueName":"search_term_string"}}],"inLanguage":"es"},{"@type":["Person","Organization"],"@id":"https:\/\/www.inspektorgadjet.com\/#\/schema\/person\/5e7d31057d79278e89b0f34c2a394e8e","name":"inspektorgadjet","image":{"@type":"ImageObject","inLanguage":"es","@id":"https:\/\/www.inspektorgadjet.com\/wp-content\/uploads\/2022\/06\/INSPEKTOR-GADJET-TORSA-scaled.jpg","url":"https:\/\/www.inspektorgadjet.com\/wp-content\/uploads\/2022\/06\/INSPEKTOR-GADJET-TORSA-scaled.jpg","contentUrl":"https:\/\/www.inspektorgadjet.com\/wp-content\/uploads\/2022\/06\/INSPEKTOR-GADJET-TORSA-scaled.jpg","width":2560,"height":1644,"caption":"inspektorgadjet"},"logo":{"@id":"https:\/\/www.inspektorgadjet.com\/wp-content\/uploads\/2022\/06\/INSPEKTOR-GADJET-TORSA-scaled.jpg"},"description":"Born in Spain. Living in planet earth. Making stuff. Learning and sharing. Music spreading.","sameAs":["https:\/\/www.facebook.com\/inspektor.gadjet.multiman\/","https:\/\/www.instagram.com\/inspektorgadjet_official\/","https:\/\/www.youtube.com\/c\/Inspektorgadjet_page","https:\/\/soundcloud.com\/inspektorgadjet"]}]}},"jetpack_sharing_enabled":true,"_links":{"self":[{"href":"https:\/\/www.inspektorgadjet.com\/es\/wp-json\/wp\/v2\/pages\/296","targetHints":{"allow":["GET"]}}],"collection":[{"href":"https:\/\/www.inspektorgadjet.com\/es\/wp-json\/wp\/v2\/pages"}],"about":[{"href":"https:\/\/www.inspektorgadjet.com\/es\/wp-json\/wp\/v2\/types\/page"}],"author":[{"embeddable":true,"href":"https:\/\/www.inspektorgadjet.com\/es\/wp-json\/wp\/v2\/users\/1"}],"replies":[{"embeddable":true,"href":"https:\/\/www.inspektorgadjet.com\/es\/wp-json\/wp\/v2\/comments?post=296"}],"version-history":[{"count":34,"href":"https:\/\/www.inspektorgadjet.com\/es\/wp-json\/wp\/v2\/pages\/296\/revisions"}],"predecessor-version":[{"id":6698,"href":"https:\/\/www.inspektorgadjet.com\/es\/wp-json\/wp\/v2\/pages\/296\/revisions\/6698"}],"wp:attachment":[{"href":"https:\/\/www.inspektorgadjet.com\/es\/wp-json\/wp\/v2\/media?parent=296"}],"curies":[{"name":"wp","href":"https:\/\/api.w.org\/{rel}","templated":true}]}}