{"id":364,"date":"2013-09-08T11:02:50","date_gmt":"2013-09-08T11:02:50","guid":{"rendered":"http:\/\/www.inspektorgadjet.com\/?page_id=364"},"modified":"2023-02-23T20:34:37","modified_gmt":"2023-02-23T20:34:37","slug":"video-tutorials","status":"publish","type":"page","link":"https:\/\/www.inspektorgadjet.com\/es\/video-tutoriales\/","title":{"rendered":"Video Tutoriales"},"content":{"rendered":"<p><\/p>\n<div class=\"sixteen columns mt0\">\n<div class=\"gdl-page-content\">\n<p>Esta secci\u00f3n es en este momento un trabajo en progreso, pronto agregar\u00e9 nuevos videos m\u00e1s enfocados en aprender aspectos de muestreo, circuit bending, composici\u00f3n musical, dise\u00f1o de sonido, bricolaje y m\u00e1s.<\/p>\n<p>A su vez, aqu\u00ed colgar\u00e9 videos demostrativos de diferentes aparatos, sintetizadores, cajas de ritmo, samplers y micr\u00f3fonos.<\/p>\n<\/div>\n<\/div>\n<p><\/p>","protected":false},"excerpt":{"rendered":"<p>Esta secci\u00f3n es en este momento un trabajo en progreso, pronto agregar\u00e9 nuevos videos m\u00e1s enfocados en aprender aspectos de [&hellip;]<\/p>\n","protected":false},"author":1,"featured_media":0,"parent":0,"menu_order":0,"comment_status":"open","ping_status":"open","template":"","meta":{"pmpro_default_level":"","_monsterinsights_skip_tracking":false,"_monsterinsights_sitenote_active":false,"_monsterinsights_sitenote_note":"","_monsterinsights_sitenote_category":0,"footnotes":""},"class_list":["post-364","page","type-page","status-publish","hentry","pmpro-has-access"],"yoast_head":"<!-- This site is optimized with the Yoast SEO plugin v27.4 - https:\/\/yoast.com\/product\/yoast-seo-wordpress\/ -->\n<title>Video Tutorials - Virus TI, Elektron Octatrack, Nord Modular, psy trance...<\/title>\n<meta name=\"description\" content=\"Section of the website containing video tutorials, tips and tricks on different synthesizers and samplers.\" \/>\n<meta name=\"robots\" content=\"index, follow, max-snippet:-1, max-image-preview:large, max-video-preview:-1\" \/>\n<link rel=\"canonical\" href=\"https:\/\/www.inspektorgadjet.com\/video-tutorials\/\" \/>\n<meta name=\"twitter:label1\" content=\"Tiempo de lectura\" \/>\n\t<meta name=\"twitter:data1\" content=\"1 minuto\" \/>\n<script type=\"application\/ld+json\" class=\"yoast-schema-graph\">{\"@context\":\"https:\\\/\\\/schema.org\",\"@graph\":[{\"@type\":\"WebPage\",\"@id\":\"https:\\\/\\\/www.inspektorgadjet.com\\\/video-tutorials\\\/\",\"url\":\"https:\\\/\\\/www.inspektorgadjet.com\\\/video-tutorials\\\/\",\"name\":\"Video Tutorials - Virus TI, Elektron Octatrack, Nord Modular, psy trance...\",\"isPartOf\":{\"@id\":\"https:\\\/\\\/www.inspektorgadjet.com\\\/#website\"},\"datePublished\":\"2013-09-08T11:02:50+00:00\",\"dateModified\":\"2023-02-23T20:34:37+00:00\",\"description\":\"Section of the website containing video tutorials, tips and tricks on different synthesizers and samplers.\",\"breadcrumb\":{\"@id\":\"https:\\\/\\\/www.inspektorgadjet.com\\\/video-tutorials\\\/#breadcrumb\"},\"inLanguage\":\"es\",\"potentialAction\":[{\"@type\":\"ReadAction\",\"target\":[\"https:\\\/\\\/www.inspektorgadjet.com\\\/video-tutorials\\\/\"]}]},{\"@type\":\"BreadcrumbList\",\"@id\":\"https:\\\/\\\/www.inspektorgadjet.com\\\/video-tutorials\\\/#breadcrumb\",\"itemListElement\":[{\"@type\":\"ListItem\",\"position\":1,\"name\":\"Home\",\"item\":\"https:\\\/\\\/www.inspektorgadjet.com\\\/\"},{\"@type\":\"ListItem\",\"position\":2,\"name\":\"Video Tutorials\"}]},{\"@type\":\"WebSite\",\"@id\":\"https:\\\/\\\/www.inspektorgadjet.com\\\/#website\",\"url\":\"https:\\\/\\\/www.inspektorgadjet.com\\\/\",\"name\":\"Inspektor Gadjet\",\"description\":\"THINK - LEARN - MAKE - SHARE\",\"publisher\":{\"@id\":\"https:\\\/\\\/www.inspektorgadjet.com\\\/#\\\/schema\\\/person\\\/5e7d31057d79278e89b0f34c2a394e8e\"},\"potentialAction\":[{\"@type\":\"SearchAction\",\"target\":{\"@type\":\"EntryPoint\",\"urlTemplate\":\"https:\\\/\\\/www.inspektorgadjet.com\\\/?s={search_term_string}\"},\"query-input\":{\"@type\":\"PropertyValueSpecification\",\"valueRequired\":true,\"valueName\":\"search_term_string\"}}],\"inLanguage\":\"es\"},{\"@type\":[\"Person\",\"Organization\"],\"@id\":\"https:\\\/\\\/www.inspektorgadjet.com\\\/#\\\/schema\\\/person\\\/5e7d31057d79278e89b0f34c2a394e8e\",\"name\":\"inspektorgadjet\",\"image\":{\"@type\":\"ImageObject\",\"inLanguage\":\"es\",\"@id\":\"https:\\\/\\\/www.inspektorgadjet.com\\\/wp-content\\\/uploads\\\/2022\\\/06\\\/INSPEKTOR-GADJET-TORSA-scaled.jpg\",\"url\":\"https:\\\/\\\/www.inspektorgadjet.com\\\/wp-content\\\/uploads\\\/2022\\\/06\\\/INSPEKTOR-GADJET-TORSA-scaled.jpg\",\"contentUrl\":\"https:\\\/\\\/www.inspektorgadjet.com\\\/wp-content\\\/uploads\\\/2022\\\/06\\\/INSPEKTOR-GADJET-TORSA-scaled.jpg\",\"width\":2560,\"height\":1644,\"caption\":\"inspektorgadjet\"},\"logo\":{\"@id\":\"https:\\\/\\\/www.inspektorgadjet.com\\\/wp-content\\\/uploads\\\/2022\\\/06\\\/INSPEKTOR-GADJET-TORSA-scaled.jpg\"},\"description\":\"Born in Spain. Living in planet earth. Making stuff. Learning and sharing. Music spreading.\",\"sameAs\":[\"https:\\\/\\\/www.facebook.com\\\/inspektor.gadjet.multiman\\\/\",\"https:\\\/\\\/www.instagram.com\\\/inspektorgadjet_official\\\/\",\"https:\\\/\\\/www.youtube.com\\\/c\\\/Inspektorgadjet_page\",\"https:\\\/\\\/soundcloud.com\\\/inspektorgadjet\"]}]}<\/script>\n<!-- \/ Yoast SEO plugin. -->","yoast_head_json":{"title":"Video Tutorials - Virus TI, Elektron Octatrack, Nord Modular, psy trance...","description":"Section of the website containing video tutorials, tips and tricks on different synthesizers and samplers.","robots":{"index":"index","follow":"follow","max-snippet":"max-snippet:-1","max-image-preview":"max-image-preview:large","max-video-preview":"max-video-preview:-1"},"canonical":"https:\/\/www.inspektorgadjet.com\/video-tutorials\/","twitter_misc":{"Tiempo de lectura":"1 minuto"},"schema":{"@context":"https:\/\/schema.org","@graph":[{"@type":"WebPage","@id":"https:\/\/www.inspektorgadjet.com\/video-tutorials\/","url":"https:\/\/www.inspektorgadjet.com\/video-tutorials\/","name":"Video Tutorials - Virus TI, Elektron Octatrack, Nord Modular, psy trance...","isPartOf":{"@id":"https:\/\/www.inspektorgadjet.com\/#website"},"datePublished":"2013-09-08T11:02:50+00:00","dateModified":"2023-02-23T20:34:37+00:00","description":"Section of the website containing video tutorials, tips and tricks on different synthesizers and samplers.","breadcrumb":{"@id":"https:\/\/www.inspektorgadjet.com\/video-tutorials\/#breadcrumb"},"inLanguage":"es","potentialAction":[{"@type":"ReadAction","target":["https:\/\/www.inspektorgadjet.com\/video-tutorials\/"]}]},{"@type":"BreadcrumbList","@id":"https:\/\/www.inspektorgadjet.com\/video-tutorials\/#breadcrumb","itemListElement":[{"@type":"ListItem","position":1,"name":"Home","item":"https:\/\/www.inspektorgadjet.com\/"},{"@type":"ListItem","position":2,"name":"Video Tutorials"}]},{"@type":"WebSite","@id":"https:\/\/www.inspektorgadjet.com\/#website","url":"https:\/\/www.inspektorgadjet.com\/","name":"Inspektor Gadjet","description":"THINK - LEARN - MAKE - SHARE","publisher":{"@id":"https:\/\/www.inspektorgadjet.com\/#\/schema\/person\/5e7d31057d79278e89b0f34c2a394e8e"},"potentialAction":[{"@type":"SearchAction","target":{"@type":"EntryPoint","urlTemplate":"https:\/\/www.inspektorgadjet.com\/?s={search_term_string}"},"query-input":{"@type":"PropertyValueSpecification","valueRequired":true,"valueName":"search_term_string"}}],"inLanguage":"es"},{"@type":["Person","Organization"],"@id":"https:\/\/www.inspektorgadjet.com\/#\/schema\/person\/5e7d31057d79278e89b0f34c2a394e8e","name":"inspektorgadjet","image":{"@type":"ImageObject","inLanguage":"es","@id":"https:\/\/www.inspektorgadjet.com\/wp-content\/uploads\/2022\/06\/INSPEKTOR-GADJET-TORSA-scaled.jpg","url":"https:\/\/www.inspektorgadjet.com\/wp-content\/uploads\/2022\/06\/INSPEKTOR-GADJET-TORSA-scaled.jpg","contentUrl":"https:\/\/www.inspektorgadjet.com\/wp-content\/uploads\/2022\/06\/INSPEKTOR-GADJET-TORSA-scaled.jpg","width":2560,"height":1644,"caption":"inspektorgadjet"},"logo":{"@id":"https:\/\/www.inspektorgadjet.com\/wp-content\/uploads\/2022\/06\/INSPEKTOR-GADJET-TORSA-scaled.jpg"},"description":"Born in Spain. Living in planet earth. Making stuff. Learning and sharing. Music spreading.","sameAs":["https:\/\/www.facebook.com\/inspektor.gadjet.multiman\/","https:\/\/www.instagram.com\/inspektorgadjet_official\/","https:\/\/www.youtube.com\/c\/Inspektorgadjet_page","https:\/\/soundcloud.com\/inspektorgadjet"]}]}},"jetpack_sharing_enabled":false,"_links":{"self":[{"href":"https:\/\/www.inspektorgadjet.com\/es\/wp-json\/wp\/v2\/pages\/364","targetHints":{"allow":["GET"]}}],"collection":[{"href":"https:\/\/www.inspektorgadjet.com\/es\/wp-json\/wp\/v2\/pages"}],"about":[{"href":"https:\/\/www.inspektorgadjet.com\/es\/wp-json\/wp\/v2\/types\/page"}],"author":[{"embeddable":true,"href":"https:\/\/www.inspektorgadjet.com\/es\/wp-json\/wp\/v2\/users\/1"}],"replies":[{"embeddable":true,"href":"https:\/\/www.inspektorgadjet.com\/es\/wp-json\/wp\/v2\/comments?post=364"}],"version-history":[{"count":41,"href":"https:\/\/www.inspektorgadjet.com\/es\/wp-json\/wp\/v2\/pages\/364\/revisions"}],"predecessor-version":[{"id":6699,"href":"https:\/\/www.inspektorgadjet.com\/es\/wp-json\/wp\/v2\/pages\/364\/revisions\/6699"}],"wp:attachment":[{"href":"https:\/\/www.inspektorgadjet.com\/es\/wp-json\/wp\/v2\/media?parent=364"}],"curies":[{"name":"wp","href":"https:\/\/api.w.org\/{rel}","templated":true}]}}