{"id":4313,"date":"2022-03-02T20:17:49","date_gmt":"2022-03-02T20:17:49","guid":{"rendered":"https:\/\/www.inspektorgadjet.com\/?page_id=4313"},"modified":"2022-03-03T11:38:52","modified_gmt":"2022-03-03T11:38:52","slug":"espanol-pimp-your-mic","status":"publish","type":"page","link":"https:\/\/www.inspektorgadjet.com\/es\/video-tutoriales\/tuneatumic\/","title":{"rendered":"TUNEA TU MICRO"},"content":{"rendered":"<p><\/p>\n<h1>TUNEA TU MICRO \/ EPISODIO 1<\/h1>\n<p>En este video, le mostrar\u00e9 c\u00f3mo hacer coincidir la <a href=\"https:\/\/es.wikipedia.org\/wiki\/Respuesta_en_frecuencia\">respuesta de frecuencia<\/a> de dos micr\u00f3fonos diferentes usando la ecualizaci\u00f3n, o para ser m\u00e1s precisos, \u00abEQ Matching\u00bb, haciendo uso de la tabla de respuesta de frecuencia proporcionada en la hoja de datos del fabricante.<\/p>\n<p>Como soy un feliz propietario de un RODE VideoMicro, pero lo encontr\u00e9 un poco crujiente y carente de graves, decid\u00ed probar y hacer coincidir la respuesta de este micr\u00f3fono con el conocido est\u00e1ndar en podcasts SHURE SM7B, utilizando una t\u00e9cnica que Llevo bastante tiempo queriendo ponerlo en pr\u00e1ctica. \u00a1\u00a1Los resultados son incre\u00edbles!!<\/p>\n<p>Esta t\u00e9cnica ayuda a hacer que diferentes micr\u00f3fonos suenen similares entre s\u00ed. Ayudando a que los cambios que imprimen los diferentes fabricantes sean menos notorios, y especialmente cuando tienes que usar diferentes micr\u00f3fonos en producciones de audio o video. Espero que te sirva y te guste!<\/p>\n<p>https:\/\/www.youtube.com\/watch?v=kiHuexZdlVQ<\/p>","protected":false},"excerpt":{"rendered":"<p>TUNEA TU MICRO \/ EPISODIO 1 En este video, le mostrar\u00e9 c\u00f3mo hacer coincidir la respuesta de frecuencia de dos [&hellip;]<\/p>\n","protected":false},"author":1,"featured_media":4352,"parent":364,"menu_order":0,"comment_status":"closed","ping_status":"closed","template":"","meta":{"pmpro_default_level":"","_monsterinsights_skip_tracking":false,"_monsterinsights_sitenote_active":false,"_monsterinsights_sitenote_note":"","_monsterinsights_sitenote_category":0,"footnotes":""},"class_list":["post-4313","page","type-page","status-publish","has-post-thumbnail","hentry","pmpro-has-access"],"yoast_head":"<!-- This site is optimized with the Yoast SEO plugin v27.4 - https:\/\/yoast.com\/product\/yoast-seo-wordpress\/ -->\n<title>TUNEA TU MICRO - Inspektor Gadjet<\/title>\n<meta name=\"description\" content=\"Haz que tu micr\u00f3fono suene mucho mejor!! Gracias a ecualizaci\u00f3n y en concreto EQ Matching, consigue que tu micro suene como uno mucho m\u00e1s caro. %\" \/>\n<meta name=\"robots\" content=\"index, follow, max-snippet:-1, max-image-preview:large, max-video-preview:-1\" \/>\n<link rel=\"canonical\" href=\"https:\/\/www.inspektorgadjet.com\/video-tutorials\/pimpyourmic\/\" \/>\n<meta name=\"twitter:label1\" content=\"Tiempo de lectura\" \/>\n\t<meta name=\"twitter:data1\" content=\"1 minuto\" \/>\n<script type=\"application\/ld+json\" class=\"yoast-schema-graph\">{\"@context\":\"https:\\\/\\\/schema.org\",\"@graph\":[{\"@type\":\"TechArticle\",\"@id\":\"https:\\\/\\\/www.inspektorgadjet.com\\\/video-tutorials\\\/pimpyourmic\\\/#article\",\"isPartOf\":{\"@id\":\"https:\\\/\\\/www.inspektorgadjet.com\\\/video-tutorials\\\/pimpyourmic\\\/\"},\"author\":{\"name\":\"inspektorgadjet\",\"@id\":\"https:\\\/\\\/www.inspektorgadjet.com\\\/#\\\/schema\\\/person\\\/5e7d31057d79278e89b0f34c2a394e8e\"},\"headline\":\"TUNEA TU MICRO\",\"datePublished\":\"2022-03-02T20:17:49+00:00\",\"dateModified\":\"2022-03-03T11:38:52+00:00\",\"mainEntityOfPage\":{\"@id\":\"https:\\\/\\\/www.inspektorgadjet.com\\\/video-tutorials\\\/pimpyourmic\\\/\"},\"wordCount\":331,\"publisher\":{\"@id\":\"https:\\\/\\\/www.inspektorgadjet.com\\\/#\\\/schema\\\/person\\\/5e7d31057d79278e89b0f34c2a394e8e\"},\"image\":{\"@id\":\"https:\\\/\\\/www.inspektorgadjet.com\\\/video-tutorials\\\/pimpyourmic\\\/#primaryimage\"},\"thumbnailUrl\":\"https:\\\/\\\/www.inspektorgadjet.com\\\/wp-content\\\/uploads\\\/2022\\\/03\\\/INSTAGRAM-THUMBNAIL-PIMP-MY-MIC.png\",\"inLanguage\":\"es\"},{\"@type\":\"WebPage\",\"@id\":\"https:\\\/\\\/www.inspektorgadjet.com\\\/video-tutorials\\\/pimpyourmic\\\/\",\"url\":\"https:\\\/\\\/www.inspektorgadjet.com\\\/video-tutorials\\\/pimpyourmic\\\/\",\"name\":\"[:es]TUNEA TU MICRO[:en]PIMP YOUR MIC[:] - Inspektor Gadjet\",\"isPartOf\":{\"@id\":\"https:\\\/\\\/www.inspektorgadjet.com\\\/#website\"},\"primaryImageOfPage\":{\"@id\":\"https:\\\/\\\/www.inspektorgadjet.com\\\/video-tutorials\\\/pimpyourmic\\\/#primaryimage\"},\"image\":{\"@id\":\"https:\\\/\\\/www.inspektorgadjet.com\\\/video-tutorials\\\/pimpyourmic\\\/#primaryimage\"},\"thumbnailUrl\":\"https:\\\/\\\/www.inspektorgadjet.com\\\/wp-content\\\/uploads\\\/2022\\\/03\\\/INSTAGRAM-THUMBNAIL-PIMP-MY-MIC.png\",\"datePublished\":\"2022-03-02T20:17:49+00:00\",\"dateModified\":\"2022-03-03T11:38:52+00:00\",\"description\":\"Haz que tu micr\u00f3fono suene mucho mejor!! Gracias a ecualizaci\u00f3n y en concreto EQ Matching, consigue que tu micro suene como uno mucho m\u00e1s caro. %\",\"breadcrumb\":{\"@id\":\"https:\\\/\\\/www.inspektorgadjet.com\\\/video-tutorials\\\/pimpyourmic\\\/#breadcrumb\"},\"inLanguage\":\"es\",\"potentialAction\":[{\"@type\":\"ReadAction\",\"target\":[\"https:\\\/\\\/www.inspektorgadjet.com\\\/video-tutorials\\\/pimpyourmic\\\/\"]}]},{\"@type\":\"ImageObject\",\"inLanguage\":\"es\",\"@id\":\"https:\\\/\\\/www.inspektorgadjet.com\\\/video-tutorials\\\/pimpyourmic\\\/#primaryimage\",\"url\":\"https:\\\/\\\/www.inspektorgadjet.com\\\/wp-content\\\/uploads\\\/2022\\\/03\\\/INSTAGRAM-THUMBNAIL-PIMP-MY-MIC.png\",\"contentUrl\":\"https:\\\/\\\/www.inspektorgadjet.com\\\/wp-content\\\/uploads\\\/2022\\\/03\\\/INSTAGRAM-THUMBNAIL-PIMP-MY-MIC.png\",\"width\":1920,\"height\":1920},{\"@type\":\"BreadcrumbList\",\"@id\":\"https:\\\/\\\/www.inspektorgadjet.com\\\/video-tutorials\\\/pimpyourmic\\\/#breadcrumb\",\"itemListElement\":[{\"@type\":\"ListItem\",\"position\":1,\"name\":\"Home\",\"item\":\"https:\\\/\\\/www.inspektorgadjet.com\\\/\"},{\"@type\":\"ListItem\",\"position\":2,\"name\":\"Video Tutorials\",\"item\":\"https:\\\/\\\/www.inspektorgadjet.com\\\/video-tutorials\\\/\"},{\"@type\":\"ListItem\",\"position\":3,\"name\":\"PIMP YOUR MIC\"}]},{\"@type\":\"WebSite\",\"@id\":\"https:\\\/\\\/www.inspektorgadjet.com\\\/#website\",\"url\":\"https:\\\/\\\/www.inspektorgadjet.com\\\/\",\"name\":\"Inspektor Gadjet\",\"description\":\"THINK - LEARN - MAKE - SHARE\",\"publisher\":{\"@id\":\"https:\\\/\\\/www.inspektorgadjet.com\\\/#\\\/schema\\\/person\\\/5e7d31057d79278e89b0f34c2a394e8e\"},\"potentialAction\":[{\"@type\":\"SearchAction\",\"target\":{\"@type\":\"EntryPoint\",\"urlTemplate\":\"https:\\\/\\\/www.inspektorgadjet.com\\\/?s={search_term_string}\"},\"query-input\":{\"@type\":\"PropertyValueSpecification\",\"valueRequired\":true,\"valueName\":\"search_term_string\"}}],\"inLanguage\":\"es\"},{\"@type\":[\"Person\",\"Organization\"],\"@id\":\"https:\\\/\\\/www.inspektorgadjet.com\\\/#\\\/schema\\\/person\\\/5e7d31057d79278e89b0f34c2a394e8e\",\"name\":\"inspektorgadjet\",\"image\":{\"@type\":\"ImageObject\",\"inLanguage\":\"es\",\"@id\":\"https:\\\/\\\/www.inspektorgadjet.com\\\/wp-content\\\/uploads\\\/2022\\\/06\\\/INSPEKTOR-GADJET-TORSA-scaled.jpg\",\"url\":\"https:\\\/\\\/www.inspektorgadjet.com\\\/wp-content\\\/uploads\\\/2022\\\/06\\\/INSPEKTOR-GADJET-TORSA-scaled.jpg\",\"contentUrl\":\"https:\\\/\\\/www.inspektorgadjet.com\\\/wp-content\\\/uploads\\\/2022\\\/06\\\/INSPEKTOR-GADJET-TORSA-scaled.jpg\",\"width\":2560,\"height\":1644,\"caption\":\"inspektorgadjet\"},\"logo\":{\"@id\":\"https:\\\/\\\/www.inspektorgadjet.com\\\/wp-content\\\/uploads\\\/2022\\\/06\\\/INSPEKTOR-GADJET-TORSA-scaled.jpg\"},\"description\":\"Born in Spain. Living in planet earth. Making stuff. Learning and sharing. Music spreading.\",\"sameAs\":[\"https:\\\/\\\/www.facebook.com\\\/inspektor.gadjet.multiman\\\/\",\"https:\\\/\\\/www.instagram.com\\\/inspektorgadjet_official\\\/\",\"https:\\\/\\\/www.youtube.com\\\/c\\\/Inspektorgadjet_page\",\"https:\\\/\\\/soundcloud.com\\\/inspektorgadjet\"]}]}<\/script>\n<!-- \/ Yoast SEO plugin. -->","yoast_head_json":{"title":"[:es]TUNEA TU MICRO[:en]PIMP YOUR MIC[:] - Inspektor Gadjet","description":"Haz que tu micr\u00f3fono suene mucho mejor!! Gracias a ecualizaci\u00f3n y en concreto EQ Matching, consigue que tu micro suene como uno mucho m\u00e1s caro. %","robots":{"index":"index","follow":"follow","max-snippet":"max-snippet:-1","max-image-preview":"max-image-preview:large","max-video-preview":"max-video-preview:-1"},"canonical":"https:\/\/www.inspektorgadjet.com\/video-tutorials\/pimpyourmic\/","twitter_misc":{"Tiempo de lectura":"1 minuto"},"schema":{"@context":"https:\/\/schema.org","@graph":[{"@type":"TechArticle","@id":"https:\/\/www.inspektorgadjet.com\/video-tutorials\/pimpyourmic\/#article","isPartOf":{"@id":"https:\/\/www.inspektorgadjet.com\/video-tutorials\/pimpyourmic\/"},"author":{"name":"inspektorgadjet","@id":"https:\/\/www.inspektorgadjet.com\/#\/schema\/person\/5e7d31057d79278e89b0f34c2a394e8e"},"headline":"TUNEA TU MICRO","datePublished":"2022-03-02T20:17:49+00:00","dateModified":"2022-03-03T11:38:52+00:00","mainEntityOfPage":{"@id":"https:\/\/www.inspektorgadjet.com\/video-tutorials\/pimpyourmic\/"},"wordCount":331,"publisher":{"@id":"https:\/\/www.inspektorgadjet.com\/#\/schema\/person\/5e7d31057d79278e89b0f34c2a394e8e"},"image":{"@id":"https:\/\/www.inspektorgadjet.com\/video-tutorials\/pimpyourmic\/#primaryimage"},"thumbnailUrl":"https:\/\/www.inspektorgadjet.com\/wp-content\/uploads\/2022\/03\/INSTAGRAM-THUMBNAIL-PIMP-MY-MIC.png","inLanguage":"es"},{"@type":"WebPage","@id":"https:\/\/www.inspektorgadjet.com\/video-tutorials\/pimpyourmic\/","url":"https:\/\/www.inspektorgadjet.com\/video-tutorials\/pimpyourmic\/","name":"[:es]TUNEA TU MICRO[:en]PIMP YOUR MIC[:] - Inspektor Gadjet","isPartOf":{"@id":"https:\/\/www.inspektorgadjet.com\/#website"},"primaryImageOfPage":{"@id":"https:\/\/www.inspektorgadjet.com\/video-tutorials\/pimpyourmic\/#primaryimage"},"image":{"@id":"https:\/\/www.inspektorgadjet.com\/video-tutorials\/pimpyourmic\/#primaryimage"},"thumbnailUrl":"https:\/\/www.inspektorgadjet.com\/wp-content\/uploads\/2022\/03\/INSTAGRAM-THUMBNAIL-PIMP-MY-MIC.png","datePublished":"2022-03-02T20:17:49+00:00","dateModified":"2022-03-03T11:38:52+00:00","description":"Haz que tu micr\u00f3fono suene mucho mejor!! Gracias a ecualizaci\u00f3n y en concreto EQ Matching, consigue que tu micro suene como uno mucho m\u00e1s caro. %","breadcrumb":{"@id":"https:\/\/www.inspektorgadjet.com\/video-tutorials\/pimpyourmic\/#breadcrumb"},"inLanguage":"es","potentialAction":[{"@type":"ReadAction","target":["https:\/\/www.inspektorgadjet.com\/video-tutorials\/pimpyourmic\/"]}]},{"@type":"ImageObject","inLanguage":"es","@id":"https:\/\/www.inspektorgadjet.com\/video-tutorials\/pimpyourmic\/#primaryimage","url":"https:\/\/www.inspektorgadjet.com\/wp-content\/uploads\/2022\/03\/INSTAGRAM-THUMBNAIL-PIMP-MY-MIC.png","contentUrl":"https:\/\/www.inspektorgadjet.com\/wp-content\/uploads\/2022\/03\/INSTAGRAM-THUMBNAIL-PIMP-MY-MIC.png","width":1920,"height":1920},{"@type":"BreadcrumbList","@id":"https:\/\/www.inspektorgadjet.com\/video-tutorials\/pimpyourmic\/#breadcrumb","itemListElement":[{"@type":"ListItem","position":1,"name":"Home","item":"https:\/\/www.inspektorgadjet.com\/"},{"@type":"ListItem","position":2,"name":"Video Tutorials","item":"https:\/\/www.inspektorgadjet.com\/video-tutorials\/"},{"@type":"ListItem","position":3,"name":"PIMP YOUR MIC"}]},{"@type":"WebSite","@id":"https:\/\/www.inspektorgadjet.com\/#website","url":"https:\/\/www.inspektorgadjet.com\/","name":"Inspektor Gadjet","description":"THINK - LEARN - MAKE - SHARE","publisher":{"@id":"https:\/\/www.inspektorgadjet.com\/#\/schema\/person\/5e7d31057d79278e89b0f34c2a394e8e"},"potentialAction":[{"@type":"SearchAction","target":{"@type":"EntryPoint","urlTemplate":"https:\/\/www.inspektorgadjet.com\/?s={search_term_string}"},"query-input":{"@type":"PropertyValueSpecification","valueRequired":true,"valueName":"search_term_string"}}],"inLanguage":"es"},{"@type":["Person","Organization"],"@id":"https:\/\/www.inspektorgadjet.com\/#\/schema\/person\/5e7d31057d79278e89b0f34c2a394e8e","name":"inspektorgadjet","image":{"@type":"ImageObject","inLanguage":"es","@id":"https:\/\/www.inspektorgadjet.com\/wp-content\/uploads\/2022\/06\/INSPEKTOR-GADJET-TORSA-scaled.jpg","url":"https:\/\/www.inspektorgadjet.com\/wp-content\/uploads\/2022\/06\/INSPEKTOR-GADJET-TORSA-scaled.jpg","contentUrl":"https:\/\/www.inspektorgadjet.com\/wp-content\/uploads\/2022\/06\/INSPEKTOR-GADJET-TORSA-scaled.jpg","width":2560,"height":1644,"caption":"inspektorgadjet"},"logo":{"@id":"https:\/\/www.inspektorgadjet.com\/wp-content\/uploads\/2022\/06\/INSPEKTOR-GADJET-TORSA-scaled.jpg"},"description":"Born in Spain. Living in planet earth. Making stuff. Learning and sharing. Music spreading.","sameAs":["https:\/\/www.facebook.com\/inspektor.gadjet.multiman\/","https:\/\/www.instagram.com\/inspektorgadjet_official\/","https:\/\/www.youtube.com\/c\/Inspektorgadjet_page","https:\/\/soundcloud.com\/inspektorgadjet"]}]}},"jetpack_sharing_enabled":true,"_links":{"self":[{"href":"https:\/\/www.inspektorgadjet.com\/es\/wp-json\/wp\/v2\/pages\/4313","targetHints":{"allow":["GET"]}}],"collection":[{"href":"https:\/\/www.inspektorgadjet.com\/es\/wp-json\/wp\/v2\/pages"}],"about":[{"href":"https:\/\/www.inspektorgadjet.com\/es\/wp-json\/wp\/v2\/types\/page"}],"author":[{"embeddable":true,"href":"https:\/\/www.inspektorgadjet.com\/es\/wp-json\/wp\/v2\/users\/1"}],"replies":[{"embeddable":true,"href":"https:\/\/www.inspektorgadjet.com\/es\/wp-json\/wp\/v2\/comments?post=4313"}],"version-history":[{"count":5,"href":"https:\/\/www.inspektorgadjet.com\/es\/wp-json\/wp\/v2\/pages\/4313\/revisions"}],"predecessor-version":[{"id":4320,"href":"https:\/\/www.inspektorgadjet.com\/es\/wp-json\/wp\/v2\/pages\/4313\/revisions\/4320"}],"up":[{"embeddable":true,"href":"https:\/\/www.inspektorgadjet.com\/es\/wp-json\/wp\/v2\/pages\/364"}],"wp:featuredmedia":[{"embeddable":true,"href":"https:\/\/www.inspektorgadjet.com\/es\/wp-json\/wp\/v2\/media\/4352"}],"wp:attachment":[{"href":"https:\/\/www.inspektorgadjet.com\/es\/wp-json\/wp\/v2\/media?parent=4313"}],"curies":[{"name":"wp","href":"https:\/\/api.w.org\/{rel}","templated":true}]}}