{"id":4822,"date":"2022-06-12T18:08:33","date_gmt":"2022-06-12T18:08:33","guid":{"rendered":"https:\/\/www.inspektorgadjet.com\/?page_id=4822"},"modified":"2023-02-23T13:11:26","modified_gmt":"2023-02-23T13:11:26","slug":"bio-2","status":"publish","type":"page","link":"https:\/\/www.inspektorgadjet.com\/es\/biografia\/","title":{"rendered":"BIOGRAFIA"},"content":{"rendered":"<p><\/p>\n<h2><strong>Inspektor Gadjet:<\/strong><\/h2>\n<p><em><strong>(AKA Multiman)<\/strong><br \/>\n<\/em><br \/>\nHola mi nombre es Juli\u00e1n Calvo Orqu\u00edn y actualmente vivo en las monta\u00f1as de Andaluc\u00eda. Una de mis pasiones es re-usar o reciclar maquinaria y en realidad cualquier cosa para hacer mis proyectos.<\/p>\n<p>Porque tengo que ganar dinero, trabajo por cuenta propia como dise\u00f1ador gr\u00e1fico &amp; web y hago Mezcla y Mastering de discos para distintos sellos discogr\u00e1ficos con mi proyecto <strong><a href=\"http:\/\/www.maledictis.com\" target=\"_blank\" rel=\"noopener\">\u00abMaledictis Producciones\u00bb<\/a><\/strong>, Compongo m\u00fasica y la toco en directo a trav\u00e9s de la <strong><a href=\"http:\/\/es.wikipedia.org\/wiki\/Galaxia\" target=\"_blank\" rel=\"noopener\">galaxia<\/a><\/strong> bajo el seud\u00f3nimo de <a href=\"https:\/\/www.facebook.com\/pages\/MULTIMAN\/209900699030088?ref=hl\" target=\"_blank\" rel=\"noopener\"><strong>Multiman<\/strong><\/a>.<\/p>\n<p>Inspektor Gadjet es un proyecto que comienzo en 2012 como una forma de organizar y coleccionar informaci\u00f3n que he acumulado tras hacer varios proyectos siempre relacionados con m\u00fasica y sonido. Estoy obsesionado con encontrar nuevos sonidos, toquetear sintes, circuit bending, micro controladores y grabaciones de sonido, que me han llevado a algunos extra\u00f1os e incre\u00edbles resultados.<\/p>\n<p>Como m\u00fasico, comenc\u00e9 a componer m\u00fasica en 1999, nunca defin\u00ed claramente un estilo en lugar de ello siempre me ha gustado experimentar y mezclar ideas.\u00a0 Viniendo de una educaci\u00f3n musical de Jazz y Hip hop, comenc\u00e9 a experimentar r\u00e1pidamente con nuevos tempos, sonidos y maquinas\u2026 Un elemento recursivo de mis sets es el uso de mis propios juguetes modificados, video consolas, theremins, aparatos musicales hechos a mano, samplers o sintetizadores.<\/p>\n<p>Es en 2003 cuando comenc\u00e9 a experimentar en el mundo del \u201cCircuit Bending\u201d y a\u00f1adiendo esta nueva paleta sonora a mis live sets de trance-techno, desde ah\u00ed empec\u00e9 a tom\u00e1rmelo mas en serio y desarroll\u00e9 mi primer aparato musical, un Theremin \u00f3ptico y al a\u00f1o siguiente uno anal\u00f3gico.<\/p>\n<p>La idea detr\u00e1s del proyecto Inspektor Gadjet es hacer accesible la informaci\u00f3n, hardware y software a todo el p\u00fablico mundial.<\/p>\n<p><strong><a href=\"http:\/\/www.maledictis.com\" target=\"_blank\" rel=\"noopener\">Maledictis Producciones<\/a><\/strong><\/p>\n<p><a href=\"https:\/\/soundcloud.com\/multiman\/\" target=\"_blank\" rel=\"noopener\"><strong>Multiman en Soundcloud<\/strong><\/a><\/p>\n<p><a href=\"https:\/\/soundcloud.com\/inspektorgadjet\/\" target=\"_blank\" rel=\"noopener\"><strong>Inspektor Gadjet en Soundcloud<\/strong><\/a><\/p>\n<p><\/p>\n<p><\/p>","protected":false},"excerpt":{"rendered":"<p>Inspektor Gadjet: (AKA Multiman) Hola mi nombre es Juli\u00e1n Calvo Orqu\u00edn y actualmente vivo en las monta\u00f1as de Andaluc\u00eda. Una [&hellip;]<\/p>\n","protected":false},"author":1,"featured_media":0,"parent":0,"menu_order":0,"comment_status":"closed","ping_status":"closed","template":"","meta":{"pmpro_default_level":"","_monsterinsights_skip_tracking":false,"_monsterinsights_sitenote_active":false,"_monsterinsights_sitenote_note":"","_monsterinsights_sitenote_category":0,"footnotes":""},"class_list":["post-4822","page","type-page","status-publish","hentry","pmpro-has-access"],"yoast_head":"<!-- This site is optimized with the Yoast SEO plugin v27.4 - https:\/\/yoast.com\/product\/yoast-seo-wordpress\/ -->\n<title>BIOGRAFIA - Inspektor Gadjet<\/title>\n<meta name=\"description\" content=\"biography of the Inspektor Gadjet, AKA MULTIMAN.\" \/>\n<meta name=\"robots\" content=\"index, follow, max-snippet:-1, max-image-preview:large, max-video-preview:-1\" \/>\n<link rel=\"canonical\" href=\"https:\/\/www.inspektorgadjet.com\/bio-2\/\" \/>\n<meta name=\"twitter:label1\" content=\"Tiempo de lectura\" \/>\n\t<meta name=\"twitter:data1\" content=\"2 minutos\" \/>\n<script type=\"application\/ld+json\" class=\"yoast-schema-graph\">{\"@context\":\"https:\\\/\\\/schema.org\",\"@graph\":[{\"@type\":\"WebPage\",\"@id\":\"https:\\\/\\\/www.inspektorgadjet.com\\\/bio-2\\\/\",\"url\":\"https:\\\/\\\/www.inspektorgadjet.com\\\/bio-2\\\/\",\"name\":\"[:es]BIOGRAFIA[:en]BIOGRAPHY[:] - Inspektor Gadjet\",\"isPartOf\":{\"@id\":\"https:\\\/\\\/www.inspektorgadjet.com\\\/#website\"},\"datePublished\":\"2022-06-12T18:08:33+00:00\",\"dateModified\":\"2023-02-23T13:11:26+00:00\",\"description\":\"biography of the Inspektor Gadjet, AKA MULTIMAN.\",\"breadcrumb\":{\"@id\":\"https:\\\/\\\/www.inspektorgadjet.com\\\/bio-2\\\/#breadcrumb\"},\"inLanguage\":\"es\",\"potentialAction\":[{\"@type\":\"ReadAction\",\"target\":[\"https:\\\/\\\/www.inspektorgadjet.com\\\/bio-2\\\/\"]}]},{\"@type\":\"BreadcrumbList\",\"@id\":\"https:\\\/\\\/www.inspektorgadjet.com\\\/bio-2\\\/#breadcrumb\",\"itemListElement\":[{\"@type\":\"ListItem\",\"position\":1,\"name\":\"Home\",\"item\":\"https:\\\/\\\/www.inspektorgadjet.com\\\/\"},{\"@type\":\"ListItem\",\"position\":2,\"name\":\"[:es]BIOGRAFIA[:en]BIOGRAPHY[:]\"}]},{\"@type\":\"WebSite\",\"@id\":\"https:\\\/\\\/www.inspektorgadjet.com\\\/#website\",\"url\":\"https:\\\/\\\/www.inspektorgadjet.com\\\/\",\"name\":\"Inspektor Gadjet\",\"description\":\"THINK - LEARN - MAKE - SHARE\",\"publisher\":{\"@id\":\"https:\\\/\\\/www.inspektorgadjet.com\\\/#\\\/schema\\\/person\\\/5e7d31057d79278e89b0f34c2a394e8e\"},\"potentialAction\":[{\"@type\":\"SearchAction\",\"target\":{\"@type\":\"EntryPoint\",\"urlTemplate\":\"https:\\\/\\\/www.inspektorgadjet.com\\\/?s={search_term_string}\"},\"query-input\":{\"@type\":\"PropertyValueSpecification\",\"valueRequired\":true,\"valueName\":\"search_term_string\"}}],\"inLanguage\":\"es\"},{\"@type\":[\"Person\",\"Organization\"],\"@id\":\"https:\\\/\\\/www.inspektorgadjet.com\\\/#\\\/schema\\\/person\\\/5e7d31057d79278e89b0f34c2a394e8e\",\"name\":\"inspektorgadjet\",\"image\":{\"@type\":\"ImageObject\",\"inLanguage\":\"es\",\"@id\":\"https:\\\/\\\/www.inspektorgadjet.com\\\/wp-content\\\/uploads\\\/2022\\\/06\\\/INSPEKTOR-GADJET-TORSA-scaled.jpg\",\"url\":\"https:\\\/\\\/www.inspektorgadjet.com\\\/wp-content\\\/uploads\\\/2022\\\/06\\\/INSPEKTOR-GADJET-TORSA-scaled.jpg\",\"contentUrl\":\"https:\\\/\\\/www.inspektorgadjet.com\\\/wp-content\\\/uploads\\\/2022\\\/06\\\/INSPEKTOR-GADJET-TORSA-scaled.jpg\",\"width\":2560,\"height\":1644,\"caption\":\"inspektorgadjet\"},\"logo\":{\"@id\":\"https:\\\/\\\/www.inspektorgadjet.com\\\/wp-content\\\/uploads\\\/2022\\\/06\\\/INSPEKTOR-GADJET-TORSA-scaled.jpg\"},\"description\":\"Born in Spain. Living in planet earth. Making stuff. Learning and sharing. Music spreading.\",\"sameAs\":[\"https:\\\/\\\/www.facebook.com\\\/inspektor.gadjet.multiman\\\/\",\"https:\\\/\\\/www.instagram.com\\\/inspektorgadjet_official\\\/\",\"https:\\\/\\\/www.youtube.com\\\/c\\\/Inspektorgadjet_page\",\"https:\\\/\\\/soundcloud.com\\\/inspektorgadjet\"]}]}<\/script>\n<!-- \/ Yoast SEO plugin. -->","yoast_head_json":{"title":"[:es]BIOGRAFIA[:en]BIOGRAPHY[:] - Inspektor Gadjet","description":"biography of the Inspektor Gadjet, AKA MULTIMAN.","robots":{"index":"index","follow":"follow","max-snippet":"max-snippet:-1","max-image-preview":"max-image-preview:large","max-video-preview":"max-video-preview:-1"},"canonical":"https:\/\/www.inspektorgadjet.com\/bio-2\/","twitter_misc":{"Tiempo de lectura":"2 minutos"},"schema":{"@context":"https:\/\/schema.org","@graph":[{"@type":"WebPage","@id":"https:\/\/www.inspektorgadjet.com\/bio-2\/","url":"https:\/\/www.inspektorgadjet.com\/bio-2\/","name":"[:es]BIOGRAFIA[:en]BIOGRAPHY[:] - Inspektor Gadjet","isPartOf":{"@id":"https:\/\/www.inspektorgadjet.com\/#website"},"datePublished":"2022-06-12T18:08:33+00:00","dateModified":"2023-02-23T13:11:26+00:00","description":"biography of the Inspektor Gadjet, AKA MULTIMAN.","breadcrumb":{"@id":"https:\/\/www.inspektorgadjet.com\/bio-2\/#breadcrumb"},"inLanguage":"es","potentialAction":[{"@type":"ReadAction","target":["https:\/\/www.inspektorgadjet.com\/bio-2\/"]}]},{"@type":"BreadcrumbList","@id":"https:\/\/www.inspektorgadjet.com\/bio-2\/#breadcrumb","itemListElement":[{"@type":"ListItem","position":1,"name":"Home","item":"https:\/\/www.inspektorgadjet.com\/"},{"@type":"ListItem","position":2,"name":"[:es]BIOGRAFIA[:en]BIOGRAPHY[:]"}]},{"@type":"WebSite","@id":"https:\/\/www.inspektorgadjet.com\/#website","url":"https:\/\/www.inspektorgadjet.com\/","name":"Inspektor Gadjet","description":"THINK - LEARN - MAKE - SHARE","publisher":{"@id":"https:\/\/www.inspektorgadjet.com\/#\/schema\/person\/5e7d31057d79278e89b0f34c2a394e8e"},"potentialAction":[{"@type":"SearchAction","target":{"@type":"EntryPoint","urlTemplate":"https:\/\/www.inspektorgadjet.com\/?s={search_term_string}"},"query-input":{"@type":"PropertyValueSpecification","valueRequired":true,"valueName":"search_term_string"}}],"inLanguage":"es"},{"@type":["Person","Organization"],"@id":"https:\/\/www.inspektorgadjet.com\/#\/schema\/person\/5e7d31057d79278e89b0f34c2a394e8e","name":"inspektorgadjet","image":{"@type":"ImageObject","inLanguage":"es","@id":"https:\/\/www.inspektorgadjet.com\/wp-content\/uploads\/2022\/06\/INSPEKTOR-GADJET-TORSA-scaled.jpg","url":"https:\/\/www.inspektorgadjet.com\/wp-content\/uploads\/2022\/06\/INSPEKTOR-GADJET-TORSA-scaled.jpg","contentUrl":"https:\/\/www.inspektorgadjet.com\/wp-content\/uploads\/2022\/06\/INSPEKTOR-GADJET-TORSA-scaled.jpg","width":2560,"height":1644,"caption":"inspektorgadjet"},"logo":{"@id":"https:\/\/www.inspektorgadjet.com\/wp-content\/uploads\/2022\/06\/INSPEKTOR-GADJET-TORSA-scaled.jpg"},"description":"Born in Spain. Living in planet earth. Making stuff. Learning and sharing. Music spreading.","sameAs":["https:\/\/www.facebook.com\/inspektor.gadjet.multiman\/","https:\/\/www.instagram.com\/inspektorgadjet_official\/","https:\/\/www.youtube.com\/c\/Inspektorgadjet_page","https:\/\/soundcloud.com\/inspektorgadjet"]}]}},"jetpack_sharing_enabled":true,"_links":{"self":[{"href":"https:\/\/www.inspektorgadjet.com\/es\/wp-json\/wp\/v2\/pages\/4822","targetHints":{"allow":["GET"]}}],"collection":[{"href":"https:\/\/www.inspektorgadjet.com\/es\/wp-json\/wp\/v2\/pages"}],"about":[{"href":"https:\/\/www.inspektorgadjet.com\/es\/wp-json\/wp\/v2\/types\/page"}],"author":[{"embeddable":true,"href":"https:\/\/www.inspektorgadjet.com\/es\/wp-json\/wp\/v2\/users\/1"}],"replies":[{"embeddable":true,"href":"https:\/\/www.inspektorgadjet.com\/es\/wp-json\/wp\/v2\/comments?post=4822"}],"version-history":[{"count":8,"href":"https:\/\/www.inspektorgadjet.com\/es\/wp-json\/wp\/v2\/pages\/4822\/revisions"}],"predecessor-version":[{"id":4853,"href":"https:\/\/www.inspektorgadjet.com\/es\/wp-json\/wp\/v2\/pages\/4822\/revisions\/4853"}],"wp:attachment":[{"href":"https:\/\/www.inspektorgadjet.com\/es\/wp-json\/wp\/v2\/media?parent=4822"}],"curies":[{"name":"wp","href":"https:\/\/api.w.org\/{rel}","templated":true}]}}